{"id":221,"date":"2013-01-22T11:03:07","date_gmt":"2013-01-22T10:03:07","guid":{"rendered":"http:\/\/91.250.81.25\/Erdal\/at\/wordpress\/impressum-2\/"},"modified":"2025-11-14T10:04:00","modified_gmt":"2025-11-14T09:04:00","slug":"legal-information-and-credits","status":"publish","type":"page","link":"https:\/\/www.erdal.hr\/en\/legal-information-and-credits\/","title":{"rendered":"Legal information and credits"},"content":{"rendered":"<!-- Added by Post\/Page specific custom CSS plugin, thank you for using! -->\n<style>#background-image {display: none !important;}\r\n#page, #content { height: 100% !important; }\r\np, #content li { width: 100%; font-size: 12px; line-height: 19px; }\r\np {width: 100% !important}<\/style>\n<h2>Legal notice \/ Information according to \u00a7 5 DDG<\/h2>\n<p>&nbsp;<\/p>\n<p><strong>Company name<\/strong><\/p>\n<p>Werner &amp; Mertz GmbH<\/p>\n<p><strong>Company address<\/strong><\/p>\n<p>Rheinallee 96<br \/>\n55120 Mainz<\/p>\n<p><strong>Represented by the managing directors:<\/strong><\/p>\n<p>Reinhard Schneider, Ralph Wenner, Jan Hieke, Dr. Edgar Endlein<\/p>\n<p><strong>Contact<\/strong><\/p>\n<p>Phone: +43 6245 801 11-0<br \/>\nE-mail: contact@erdal.hr<\/p>\n<p><strong>Commercial register entry<\/strong><\/p>\n<p>Register court: Amtsgericht Mainz<br \/>\nRegister number: HRB 74<\/p>\n<p><strong>Sales tax identification number according to \u00a727 a sales tax law<\/strong><\/p>\n<p>DE149064223<\/p>\n<p><strong>Responsible for the editorial content<\/strong><\/p>\n<p>Giulietta Loy<\/p>\n<p><strong>Technical Support Website<\/strong><\/p>\n<p>Knecht GmbH<br \/>\n<a href=\"https:\/\/knecht-online.de\/\">www.knecht-online.de<\/a><\/p>\n<p><strong>Sredi\u0161nja kontaktna to\u010dka prema Zakonu o digitalnim uslugama (DSA)<\/strong><\/p>\n<p>Na\u0161a sredi\u0161nja kontaktna to\u010dka za korisnike i tijela vlasti u skladu s \u010dl. 11. i 12. DSA dostupna je na sljede\u0107i na\u010din:<br \/>\nE-po\u0161ta: contact@erdal.hr<br \/>\nTelefon: +49(6131)964-01<br \/>\nJezici dostupni za kontakt su: njema\u010dki, engleski.<\/p>\n<p><strong>EU dispute resolution<\/strong><\/p>\n<p>We are not willing or obliged to participate in dispute resolution proceedings before a consumer arbitration board.<\/p>\n<p><strong>Objection to advertising emails<\/strong><\/p>\n<p>We hereby object to the use of contact data published as part of our obligation to provide a legal notice for the purpose of sending unsolicited advertising and information material. The operators of the website expressly reserve the right to take legal action in the event of the unsolicited sending of advertising information, such as spam e-mails.<\/p>\n","protected":false},"excerpt":{"rendered":"<p>Legal notice \/ Information according to \u00a7 5 DDG &nbsp; Company name Werner &amp; Mertz GmbH Company address Rheinallee 96 55120 Mainz Represented by the managing directors: Reinhard Schneider, Ralph Wenner, Jan Hieke, Dr. Edgar Endlein Contact Phone: +43 6245 801 11-0 E-mail: contact@erdal.hr Commercial register entry Register court: Amtsgericht Mainz Register number: HRB 74 [&hellip;]<\/p>\n","protected":false},"author":10,"featured_media":0,"parent":0,"menu_order":100,"comment_status":"open","ping_status":"open","template":"","meta":[],"_links":{"self":[{"href":"https:\/\/www.erdal.hr\/en\/wp-json\/wp\/v2\/pages\/221"}],"collection":[{"href":"https:\/\/www.erdal.hr\/en\/wp-json\/wp\/v2\/pages"}],"about":[{"href":"https:\/\/www.erdal.hr\/en\/wp-json\/wp\/v2\/types\/page"}],"author":[{"embeddable":true,"href":"https:\/\/www.erdal.hr\/en\/wp-json\/wp\/v2\/users\/10"}],"replies":[{"embeddable":true,"href":"https:\/\/www.erdal.hr\/en\/wp-json\/wp\/v2\/comments?post=221"}],"version-history":[{"count":75,"href":"https:\/\/www.erdal.hr\/en\/wp-json\/wp\/v2\/pages\/221\/revisions"}],"predecessor-version":[{"id":1585,"href":"https:\/\/www.erdal.hr\/en\/wp-json\/wp\/v2\/pages\/221\/revisions\/1585"}],"wp:attachment":[{"href":"https:\/\/www.erdal.hr\/en\/wp-json\/wp\/v2\/media?parent=221"}],"curies":[{"name":"wp","href":"https:\/\/api.w.org\/{rel}","templated":true}]}}